{"id":410,"date":"2019-03-25T11:17:43","date_gmt":"2019-03-25T10:17:43","guid":{"rendered":"https:\/\/blog.ptvgroup.com\/ptv-blog-startseite\/"},"modified":"2025-06-03T09:26:01","modified_gmt":"2025-06-03T07:26:01","slug":"ptv-blog-startseite","status":"publish","type":"page","link":"https:\/\/blog.ptvgroup.com\/de\/","title":{"rendered":"Startseite"},"content":{"rendered":"\n<h1 class=\"wp-block-heading\" id=\"h-ptv-blog\">PTV Blog<\/h1>\n\n\n\n<h2 class=\"wp-block-heading\" id=\"h-entdecken-sie-wie-wir-mithilfe-von-technologie-gemeinsam-die-mobilitat-der-zukunft-gestalten-konnen\">Entdecken Sie wie wir mithilfe von Technologie gemeinsam die Mobilit\u00e4t der Zukunft gestalten k\u00f6nnen.<\/h2>\n\n\n\n<div style=\"height:24px\" aria-hidden=\"true\" class=\"wp-block-spacer\"><\/div>\n\n\n<div id=\"ajax-load-more\" class=\"ajax-load-more-wrap default\"  data-alm-id=\"\" data-canonical-url=\"https:\/\/blog.ptvgroup.com\/de\/\" data-slug=\"ptv-blog-startseite\" data-post-id=\"410\"  data-localized=\"ajax_load_more_vars\" data-alm-object=\"ajax_load_more\"><div class=\"alm-masonry\" style=\"opacity: 0;\"><div aria-live=\"polite\" aria-atomic=\"true\" class=\"alm-listing alm-ajax grid\" data-container-type=\"div\" data-loading-style=\"default\" data-repeater=\"default\" data-post-type=\"post\" data-vars=\"cols:3\" data-order=\"DESC\" data-orderby=\"date\" data-offset=\"0\" data-posts-per-page=\"9\" data-lang=\"de\" data-scroll=\"false\" data-pause=\"true\" data-button-label=\"Weitere Beitr\u00e4ge\" data-prev-button-label=\"Load Previous\" data-transition=\"masonry\" data-masonry-config=\"{&quot;selector&quot;:&quot;.grid-item&quot;,&quot;columnwidth&quot;:&quot;&quot;,&quot;animation&quot;:&quot;slide-up&quot;,&quot;horizontalorder&quot;:&quot;&quot;}\"><\/div><\/div><div class=\"alm-btn-wrap\" data-rel=\"ajax-load-more\"><button class=\"alm-load-more-btn ptvloadmore\" type=\"button\">Weitere Beitr\u00e4ge<\/button><\/div><\/div>\n\n\n<div style=\"height:24px\" aria-hidden=\"true\" class=\"wp-block-spacer\"><\/div>\n\n\n\n<div class=\"wp-block-cover\" style=\"min-height:300px;aspect-ratio:unset;\"><img loading=\"lazy\" decoding=\"async\" width=\"1254\" height=\"836\" class=\"wp-block-cover__image-background wp-image-25406\" alt=\"\" src=\"https:\/\/blog.ptvgroup.com\/wp-content\/uploads\/2024\/10\/iStock-1312502184.jpg\" data-object-fit=\"cover\" srcset=\"https:\/\/blog.ptvgroup.com\/wp-content\/uploads\/2024\/10\/iStock-1312502184.jpg 1254w, https:\/\/blog.ptvgroup.com\/wp-content\/uploads\/2024\/10\/iStock-1312502184-540x360.jpg 540w, https:\/\/blog.ptvgroup.com\/wp-content\/uploads\/2024\/10\/iStock-1312502184-936x624.jpg 936w, https:\/\/blog.ptvgroup.com\/wp-content\/uploads\/2024\/10\/iStock-1312502184-768x512.jpg 768w, https:\/\/blog.ptvgroup.com\/wp-content\/uploads\/2024\/10\/iStock-1312502184-300x200.jpg 300w\" sizes=\"auto, (max-width: 1254px) 100vw, 1254px\" \/><span aria-hidden=\"true\" class=\"wp-block-cover__background has-background-dim-80 has-background-dim wp-block-cover__gradient-background has-background-gradient\" style=\"background:linear-gradient(135deg,rgb(66,104,249) 28%,rgb(41,224,133) 88%)\"><\/span><div class=\"wp-block-cover__inner-container is-layout-constrained wp-block-cover-is-layout-constrained\">\n<p class=\"has-text-align-center\" style=\"font-size:24px;font-style:normal;font-weight:700\"><p class=\"has-text-align-center\" style=\"font-size: 24px; font-style: normal; font-weight: bold;\">Sie suchen nach Softwarel\u00f6sungen?<\/p><\/p>\n\n\n\n<p class=\"has-text-align-center\">Entdecken Sie das umfassende Softwareportfolio von PTV zur L\u00f6sung all Ihrer Herausforderungen rund um Mobilit\u00e4t &#8211; von der Modellierung, Simulation und Planung bis hin zum Management und zur Vorhersage von Verkehrsszenarien.<\/p>\n\n\n\n<div class=\"wp-block-buttons is-content-justification-center is-layout-flex wp-container-core-buttons-is-layout-14c487f4 wp-block-buttons-is-layout-flex\">\n<div class=\"wp-block-button has-custom-font-size is-style-fill\"><a class=\"wp-block-button__link has-white-background-color has-text-color has-background has-link-color has-text-align-center has-custom-font-size wp-element-button\" href=\"https:\/\/www.ptvgroup.com\/\" style=\"border-radius:4px;color:#6482f6;font-size:14px;font-style:normal;font-weight:700\">PTV-L\u00f6sungen entdecken<\/a><\/div>\n<\/div>\n<\/div><\/div>\n\n\n\n<div style=\"height:24px\" aria-hidden=\"true\" class=\"wp-block-spacer\"><\/div>\n\n\n\n<p>&nbsp;<\/p>\n","protected":false},"excerpt":{"rendered":"<p class=\"card-text\">PTV Blog Entdecken Sie wie wir mithilfe von Technologie gemeinsam die Mobilit\u00e4t der Zukunft gestalten k\u00f6nnen. &nbsp; [&#8230;]<\/p>\n<p class=\"m-0\"><a class=\"btn btn-outline-secondary btn-read-more\" href=\"https:\/\/blog.ptvgroup.com\/de\/\">Weiterlesen<\/a><\/p>\n","protected":false},"author":1,"featured_media":0,"parent":0,"menu_order":0,"comment_status":"closed","ping_status":"closed","template":"","meta":{"footnotes":""},"class_list":["post-410","page","type-page","status-publish","hentry"],"yoast_head":"<!-- This site is optimized with the Yoast SEO Premium plugin v27.0 (Yoast SEO v27.4) - https:\/\/yoast.com\/product\/yoast-seo-premium-wordpress\/ -->\n<title>Lesen Sie, wie Technologie die Zukunft der Mobilit\u00e4t gestaltet | PTV Blog<\/title>\n<meta name=\"description\" content=\"Erfahren Sie im PTV Blog wie Technologie die Mobilit\u00e4t der Zukunft gestaltet \u2013 Einblicke, Trends und L\u00f6sungen f\u00fcr nachhaltige Mobilit\u00e4t.\" \/>\n<meta name=\"robots\" content=\"index, follow, max-snippet:-1, max-image-preview:large, max-video-preview:-1\" \/>\n<link rel=\"canonical\" href=\"https:\/\/blog.ptvgroup.com\/de\/\" \/>\n<meta property=\"og:locale\" content=\"de_DE\" \/>\n<meta property=\"og:type\" content=\"article\" \/>\n<meta property=\"og:title\" content=\"Startseite\" \/>\n<meta property=\"og:description\" content=\"Erfahren Sie im PTV Blog wie Technologie die Mobilit\u00e4t der Zukunft gestaltet \u2013 Einblicke, Trends und L\u00f6sungen f\u00fcr nachhaltige Mobilit\u00e4t.\" \/>\n<meta property=\"og:url\" content=\"https:\/\/blog.ptvgroup.com\/de\/\" \/>\n<meta property=\"og:site_name\" content=\"PTV Blog\" \/>\n<meta property=\"article:publisher\" content=\"https:\/\/www.facebook.com\/PTVGroupGlobal\/\" \/>\n<meta property=\"article:modified_time\" content=\"2025-06-03T07:26:01+00:00\" \/>\n<meta property=\"og:image\" content=\"https:\/\/blog.ptvgroup.com\/wp-content\/uploads\/2024\/11\/Bild1.jpg\" \/>\n\t<meta property=\"og:image:width\" content=\"2276\" \/>\n\t<meta property=\"og:image:height\" content=\"1279\" \/>\n\t<meta property=\"og:image:type\" content=\"image\/jpeg\" \/>\n<meta name=\"twitter:card\" content=\"summary_large_image\" \/>\n<meta name=\"twitter:label1\" content=\"Gesch\u00e4tzte Lesezeit\" \/>\n\t<meta name=\"twitter:data1\" content=\"1\u00a0Minute\" \/>\n<script type=\"application\/ld+json\" class=\"yoast-schema-graph\">{\"@context\":\"https:\\\/\\\/schema.org\",\"@graph\":[{\"@type\":\"WebPage\",\"@id\":\"https:\\\/\\\/blog.ptvgroup.com\\\/de\\\/\",\"url\":\"https:\\\/\\\/blog.ptvgroup.com\\\/de\\\/\",\"name\":\"Lesen Sie, wie Technologie die Zukunft der Mobilit\u00e4t gestaltet | PTV Blog\",\"isPartOf\":{\"@id\":\"https:\\\/\\\/blog.ptvgroup.com\\\/de\\\/#website\"},\"primaryImageOfPage\":{\"@id\":\"https:\\\/\\\/blog.ptvgroup.com\\\/de\\\/#primaryimage\"},\"image\":{\"@id\":\"https:\\\/\\\/blog.ptvgroup.com\\\/de\\\/#primaryimage\"},\"thumbnailUrl\":\"https:\\\/\\\/blog.ptvgroup.com\\\/wp-content\\\/uploads\\\/2024\\\/10\\\/iStock-1312502184.jpg\",\"datePublished\":\"2019-03-25T10:17:43+00:00\",\"dateModified\":\"2025-06-03T07:26:01+00:00\",\"description\":\"Erfahren Sie im PTV Blog wie Technologie die Mobilit\u00e4t der Zukunft gestaltet \u2013 Einblicke, Trends und L\u00f6sungen f\u00fcr nachhaltige Mobilit\u00e4t.\",\"breadcrumb\":{\"@id\":\"https:\\\/\\\/blog.ptvgroup.com\\\/de\\\/#breadcrumb\"},\"inLanguage\":\"de\",\"potentialAction\":[{\"@type\":\"ReadAction\",\"target\":[\"https:\\\/\\\/blog.ptvgroup.com\\\/de\\\/\"]}]},{\"@type\":\"ImageObject\",\"inLanguage\":\"de\",\"@id\":\"https:\\\/\\\/blog.ptvgroup.com\\\/de\\\/#primaryimage\",\"url\":\"https:\\\/\\\/blog.ptvgroup.com\\\/wp-content\\\/uploads\\\/2024\\\/10\\\/iStock-1312502184.jpg\",\"contentUrl\":\"https:\\\/\\\/blog.ptvgroup.com\\\/wp-content\\\/uploads\\\/2024\\\/10\\\/iStock-1312502184.jpg\"},{\"@type\":\"BreadcrumbList\",\"@id\":\"https:\\\/\\\/blog.ptvgroup.com\\\/de\\\/#breadcrumb\",\"itemListElement\":[{\"@type\":\"ListItem\",\"position\":1,\"name\":\"Startseite\",\"item\":\"https:\\\/\\\/blog.ptvgroup.com\\\/de\\\/\"},{\"@type\":\"ListItem\",\"position\":2,\"name\":\"Startseite\"}]},{\"@type\":\"WebSite\",\"@id\":\"https:\\\/\\\/blog.ptvgroup.com\\\/de\\\/#website\",\"url\":\"https:\\\/\\\/blog.ptvgroup.com\\\/de\\\/\",\"name\":\"PTV Blog\",\"description\":\"Explore with us how technology drives the future of mobility toward a cleaner, smarter, and safer world.\",\"publisher\":{\"@id\":\"https:\\\/\\\/blog.ptvgroup.com\\\/de\\\/#organization\"},\"potentialAction\":[{\"@type\":\"SearchAction\",\"target\":{\"@type\":\"EntryPoint\",\"urlTemplate\":\"https:\\\/\\\/blog.ptvgroup.com\\\/de\\\/?s={search_term_string}\"},\"query-input\":{\"@type\":\"PropertyValueSpecification\",\"valueRequired\":true,\"valueName\":\"search_term_string\"}}],\"inLanguage\":\"de\"},{\"@type\":\"Organization\",\"@id\":\"https:\\\/\\\/blog.ptvgroup.com\\\/de\\\/#organization\",\"name\":\"PTV Group\",\"url\":\"https:\\\/\\\/blog.ptvgroup.com\\\/de\\\/\",\"logo\":{\"@type\":\"ImageObject\",\"inLanguage\":\"de\",\"@id\":\"https:\\\/\\\/blog.ptvgroup.com\\\/de\\\/#\\\/schema\\\/logo\\\/image\\\/\",\"url\":\"https:\\\/\\\/blog.ptvgroup.com\\\/wp-content\\\/uploads\\\/2021\\\/11\\\/PTV_Group_Logo_black.jpg\",\"contentUrl\":\"https:\\\/\\\/blog.ptvgroup.com\\\/wp-content\\\/uploads\\\/2021\\\/11\\\/PTV_Group_Logo_black.jpg\",\"width\":1598,\"height\":362,\"caption\":\"PTV Group\"},\"image\":{\"@id\":\"https:\\\/\\\/blog.ptvgroup.com\\\/de\\\/#\\\/schema\\\/logo\\\/image\\\/\"},\"sameAs\":[\"https:\\\/\\\/www.facebook.com\\\/PTVGroupGlobal\\\/\",\"https:\\\/\\\/www.instagram.com\\\/ptv_group\\\/\",\"https:\\\/\\\/www.linkedin.com\\\/company\\\/ptv\\\/\",\"https:\\\/\\\/www.youtube.com\\\/user\\\/ThePTVGroup\",\"https:\\\/\\\/www.tiktok.com\\\/@ptv_group\\\/\"],\"description\":\"Our goal is to drive the future of mobility toward a cleaner, smarter, and safer world. With a legacy spanning over 40 years as a leading global software company for traffic planning, simulation, and real-time management, we have garnered extensive experience in the field of mobility.\",\"email\":\"info@ptvgroup.com\",\"telephone\":\"+49 721 9651-0\",\"legalName\":\"PTV Planung Transport Verkehr GmbH\",\"foundingDate\":\"1979-01-01\",\"vatID\":\"Umsatzsteuer-Identifikationsnummer gem\u00e4\u00df \u00a7 27a Umsatzsteuergesetz (UStG): DE 812 666 053\",\"numberOfEmployees\":{\"@type\":\"QuantitativeValue\",\"minValue\":\"201\",\"maxValue\":\"500\"}}]}<\/script>\n<!-- \/ Yoast SEO Premium plugin. -->","yoast_head_json":{"title":"Lesen Sie, wie Technologie die Zukunft der Mobilit\u00e4t gestaltet | PTV Blog","description":"Erfahren Sie im PTV Blog wie Technologie die Mobilit\u00e4t der Zukunft gestaltet \u2013 Einblicke, Trends und L\u00f6sungen f\u00fcr nachhaltige Mobilit\u00e4t.","robots":{"index":"index","follow":"follow","max-snippet":"max-snippet:-1","max-image-preview":"max-image-preview:large","max-video-preview":"max-video-preview:-1"},"canonical":"https:\/\/blog.ptvgroup.com\/de\/","og_locale":"de_DE","og_type":"article","og_title":"Startseite","og_description":"Erfahren Sie im PTV Blog wie Technologie die Mobilit\u00e4t der Zukunft gestaltet \u2013 Einblicke, Trends und L\u00f6sungen f\u00fcr nachhaltige Mobilit\u00e4t.","og_url":"https:\/\/blog.ptvgroup.com\/de\/","og_site_name":"PTV Blog","article_publisher":"https:\/\/www.facebook.com\/PTVGroupGlobal\/","article_modified_time":"2025-06-03T07:26:01+00:00","og_image":[{"width":2276,"height":1279,"url":"https:\/\/blog.ptvgroup.com\/wp-content\/uploads\/2024\/11\/Bild1.jpg","type":"image\/jpeg"}],"twitter_card":"summary_large_image","twitter_misc":{"Gesch\u00e4tzte Lesezeit":"1\u00a0Minute"},"schema":{"@context":"https:\/\/schema.org","@graph":[{"@type":"WebPage","@id":"https:\/\/blog.ptvgroup.com\/de\/","url":"https:\/\/blog.ptvgroup.com\/de\/","name":"Lesen Sie, wie Technologie die Zukunft der Mobilit\u00e4t gestaltet | PTV Blog","isPartOf":{"@id":"https:\/\/blog.ptvgroup.com\/de\/#website"},"primaryImageOfPage":{"@id":"https:\/\/blog.ptvgroup.com\/de\/#primaryimage"},"image":{"@id":"https:\/\/blog.ptvgroup.com\/de\/#primaryimage"},"thumbnailUrl":"https:\/\/blog.ptvgroup.com\/wp-content\/uploads\/2024\/10\/iStock-1312502184.jpg","datePublished":"2019-03-25T10:17:43+00:00","dateModified":"2025-06-03T07:26:01+00:00","description":"Erfahren Sie im PTV Blog wie Technologie die Mobilit\u00e4t der Zukunft gestaltet \u2013 Einblicke, Trends und L\u00f6sungen f\u00fcr nachhaltige Mobilit\u00e4t.","breadcrumb":{"@id":"https:\/\/blog.ptvgroup.com\/de\/#breadcrumb"},"inLanguage":"de","potentialAction":[{"@type":"ReadAction","target":["https:\/\/blog.ptvgroup.com\/de\/"]}]},{"@type":"ImageObject","inLanguage":"de","@id":"https:\/\/blog.ptvgroup.com\/de\/#primaryimage","url":"https:\/\/blog.ptvgroup.com\/wp-content\/uploads\/2024\/10\/iStock-1312502184.jpg","contentUrl":"https:\/\/blog.ptvgroup.com\/wp-content\/uploads\/2024\/10\/iStock-1312502184.jpg"},{"@type":"BreadcrumbList","@id":"https:\/\/blog.ptvgroup.com\/de\/#breadcrumb","itemListElement":[{"@type":"ListItem","position":1,"name":"Startseite","item":"https:\/\/blog.ptvgroup.com\/de\/"},{"@type":"ListItem","position":2,"name":"Startseite"}]},{"@type":"WebSite","@id":"https:\/\/blog.ptvgroup.com\/de\/#website","url":"https:\/\/blog.ptvgroup.com\/de\/","name":"PTV Blog","description":"Explore with us how technology drives the future of mobility toward a cleaner, smarter, and safer world.","publisher":{"@id":"https:\/\/blog.ptvgroup.com\/de\/#organization"},"potentialAction":[{"@type":"SearchAction","target":{"@type":"EntryPoint","urlTemplate":"https:\/\/blog.ptvgroup.com\/de\/?s={search_term_string}"},"query-input":{"@type":"PropertyValueSpecification","valueRequired":true,"valueName":"search_term_string"}}],"inLanguage":"de"},{"@type":"Organization","@id":"https:\/\/blog.ptvgroup.com\/de\/#organization","name":"PTV Group","url":"https:\/\/blog.ptvgroup.com\/de\/","logo":{"@type":"ImageObject","inLanguage":"de","@id":"https:\/\/blog.ptvgroup.com\/de\/#\/schema\/logo\/image\/","url":"https:\/\/blog.ptvgroup.com\/wp-content\/uploads\/2021\/11\/PTV_Group_Logo_black.jpg","contentUrl":"https:\/\/blog.ptvgroup.com\/wp-content\/uploads\/2021\/11\/PTV_Group_Logo_black.jpg","width":1598,"height":362,"caption":"PTV Group"},"image":{"@id":"https:\/\/blog.ptvgroup.com\/de\/#\/schema\/logo\/image\/"},"sameAs":["https:\/\/www.facebook.com\/PTVGroupGlobal\/","https:\/\/www.instagram.com\/ptv_group\/","https:\/\/www.linkedin.com\/company\/ptv\/","https:\/\/www.youtube.com\/user\/ThePTVGroup","https:\/\/www.tiktok.com\/@ptv_group\/"],"description":"Our goal is to drive the future of mobility toward a cleaner, smarter, and safer world. With a legacy spanning over 40 years as a leading global software company for traffic planning, simulation, and real-time management, we have garnered extensive experience in the field of mobility.","email":"info@ptvgroup.com","telephone":"+49 721 9651-0","legalName":"PTV Planung Transport Verkehr GmbH","foundingDate":"1979-01-01","vatID":"Umsatzsteuer-Identifikationsnummer gem\u00e4\u00df \u00a7 27a Umsatzsteuergesetz (UStG): DE 812 666 053","numberOfEmployees":{"@type":"QuantitativeValue","minValue":"201","maxValue":"500"}}]}},"_links":{"self":[{"href":"https:\/\/blog.ptvgroup.com\/de\/wp-json\/wp\/v2\/pages\/410","targetHints":{"allow":["GET"]}}],"collection":[{"href":"https:\/\/blog.ptvgroup.com\/de\/wp-json\/wp\/v2\/pages"}],"about":[{"href":"https:\/\/blog.ptvgroup.com\/de\/wp-json\/wp\/v2\/types\/page"}],"author":[{"embeddable":true,"href":"https:\/\/blog.ptvgroup.com\/de\/wp-json\/wp\/v2\/users\/1"}],"replies":[{"embeddable":true,"href":"https:\/\/blog.ptvgroup.com\/de\/wp-json\/wp\/v2\/comments?post=410"}],"version-history":[{"count":41,"href":"https:\/\/blog.ptvgroup.com\/de\/wp-json\/wp\/v2\/pages\/410\/revisions"}],"predecessor-version":[{"id":27832,"href":"https:\/\/blog.ptvgroup.com\/de\/wp-json\/wp\/v2\/pages\/410\/revisions\/27832"}],"wp:attachment":[{"href":"https:\/\/blog.ptvgroup.com\/de\/wp-json\/wp\/v2\/media?parent=410"}],"curies":[{"name":"wp","href":"https:\/\/api.w.org\/{rel}","templated":true}]}}