{"id":27781,"date":"2025-05-22T09:17:40","date_gmt":"2025-05-22T07:17:40","guid":{"rendered":"https:\/\/blog.ptvgroup.com\/?page_id=27781"},"modified":"2026-01-15T08:53:12","modified_gmt":"2026-01-15T07:53:12","slug":"blog-abonnement-willkommen","status":"publish","type":"page","link":"https:\/\/blog.ptvgroup.com\/de\/blog-abonnement-willkommen\/","title":{"rendered":"Blog-Abonnement | Willkommen"},"content":{"rendered":"\n<h2 class=\"wp-block-heading\" id=\"h-willkommen-beim-ptv-blog-abonnement\"><strong>Willkommen beim PTV Blog-Abonnement!<\/strong><\/h2>\n\n\n\n<p>Ab sofort erhalten Sie regelm\u00e4\u00dfig spannende Einblicke, Trends und Neuigkeiten aus der Welt der Mobilit\u00e4t direkt in Ihr Postfach. Wir freuen uns, Sie auf dem Weg zu intelligenter Verkehrsplanung und zukunftsf\u00e4higer Mobilit\u00e4t zu begleiten.<\/p>\n\n\n\n<p><a href=\"https:\/\/blog.ptvgroup.com\/de\/\">Jetzt zum Blog<\/a>&nbsp;\u2013 Entdecken Sie aktuelle Beitr\u00e4ge, Interviews und Insights.<\/p>\n\n\n\n<p>M\u00f6chten Sie Ihre Themenauswahl anpassen oder sich abmelden?<br>Kein Problem \u2013 den passenden Link finden Sie in jedem Newsletter.<\/p>\n\n\n\n<p>Vielen Dank und bis bald!<br>Ihr PTV Blog Team<\/p>\n\n\n\n<div style=\"height:100px\" aria-hidden=\"true\" class=\"wp-block-spacer\"><\/div>\n","protected":false},"excerpt":{"rendered":"<p class=\"card-text\">Willkommen beim PTV Blog-Abonnement! Ab sofort erhalten Sie regelm\u00e4\u00dfig spannende Einblicke, Trends und Neuigkeiten aus der Welt der Mobilit\u00e4t direkt in Ihr Postfach. Wir freuen uns, Sie auf dem Weg zu intelligenter Verkehrsplanung und zukunftsf\u00e4higer Mobilit\u00e4t zu begleiten. Jetzt zum Blog&nbsp;\u2013 Entdecken Sie aktuelle Beitr\u00e4ge, Interviews und Insights. M\u00f6chten Sie Ihre Themenauswahl anpassen oder sich [&#8230;]<\/p>\n<p class=\"m-0\"><a class=\"btn btn-outline-secondary btn-read-more\" href=\"https:\/\/blog.ptvgroup.com\/de\/blog-abonnement-willkommen\/\">Weiterlesen<\/a><\/p>\n","protected":false},"author":128,"featured_media":0,"parent":0,"menu_order":0,"comment_status":"closed","ping_status":"closed","template":"","meta":{"footnotes":""},"class_list":["post-27781","page","type-page","status-publish","hentry"],"yoast_head":"<!-- This site is optimized with the Yoast SEO Premium plugin v27.0 (Yoast SEO v27.5) - https:\/\/yoast.com\/product\/yoast-seo-premium-wordpress\/ -->\n<title>Blog-Abonnement | Willkommen | PTV Blog<\/title>\n<meta name=\"robots\" content=\"index, follow, max-snippet:-1, max-image-preview:large, max-video-preview:-1\" \/>\n<link rel=\"canonical\" href=\"https:\/\/blog.ptvgroup.com\/de\/blog-abonnement-willkommen\/\" \/>\n<meta property=\"og:locale\" content=\"de_DE\" \/>\n<meta property=\"og:type\" content=\"article\" \/>\n<meta property=\"og:title\" content=\"Blog-Abonnement | Willkommen\" \/>\n<meta property=\"og:description\" content=\"Willkommen beim PTV Blog-Abonnement! Ab sofort erhalten Sie regelm\u00e4\u00dfig spannende Einblicke, Trends und Neuigkeiten aus der Welt der Mobilit\u00e4t direkt in Ihr Postfach. Wir freuen uns, Sie auf dem Weg zu intelligenter Verkehrsplanung und zukunftsf\u00e4higer Mobilit\u00e4t zu begleiten. Jetzt zum Blog&nbsp;\u2013 Entdecken Sie aktuelle Beitr\u00e4ge, Interviews und Insights. M\u00f6chten Sie Ihre Themenauswahl anpassen oder sich [...]Weiterlesen\" \/>\n<meta property=\"og:url\" content=\"https:\/\/blog.ptvgroup.com\/de\/blog-abonnement-willkommen\/\" \/>\n<meta property=\"og:site_name\" content=\"PTV Blog\" \/>\n<meta property=\"article:publisher\" content=\"https:\/\/www.facebook.com\/PTVGroupGlobal\/\" \/>\n<meta property=\"article:modified_time\" content=\"2026-01-15T07:53:12+00:00\" \/>\n<meta name=\"twitter:card\" content=\"summary_large_image\" \/>\n<meta name=\"twitter:label1\" content=\"Gesch\u00e4tzte Lesezeit\" \/>\n\t<meta name=\"twitter:data1\" content=\"1\u00a0Minute\" \/>\n<script type=\"application\/ld+json\" class=\"yoast-schema-graph\">{\"@context\":\"https:\\\/\\\/schema.org\",\"@graph\":[{\"@type\":\"WebPage\",\"@id\":\"https:\\\/\\\/blog.ptvgroup.com\\\/de\\\/blog-abonnement-willkommen\\\/\",\"url\":\"https:\\\/\\\/blog.ptvgroup.com\\\/de\\\/blog-abonnement-willkommen\\\/\",\"name\":\"Blog-Abonnement | Willkommen | PTV Blog\",\"isPartOf\":{\"@id\":\"https:\\\/\\\/blog.ptvgroup.com\\\/de\\\/#website\"},\"datePublished\":\"2025-05-22T07:17:40+00:00\",\"dateModified\":\"2026-01-15T07:53:12+00:00\",\"breadcrumb\":{\"@id\":\"https:\\\/\\\/blog.ptvgroup.com\\\/de\\\/blog-abonnement-willkommen\\\/#breadcrumb\"},\"inLanguage\":\"de\",\"potentialAction\":[{\"@type\":\"ReadAction\",\"target\":[\"https:\\\/\\\/blog.ptvgroup.com\\\/de\\\/blog-abonnement-willkommen\\\/\"]}]},{\"@type\":\"BreadcrumbList\",\"@id\":\"https:\\\/\\\/blog.ptvgroup.com\\\/de\\\/blog-abonnement-willkommen\\\/#breadcrumb\",\"itemListElement\":[{\"@type\":\"ListItem\",\"position\":1,\"name\":\"Startseite\",\"item\":\"https:\\\/\\\/blog.ptvgroup.com\\\/de\\\/\"},{\"@type\":\"ListItem\",\"position\":2,\"name\":\"Blog-Abonnement | Willkommen\"}]},{\"@type\":\"WebSite\",\"@id\":\"https:\\\/\\\/blog.ptvgroup.com\\\/de\\\/#website\",\"url\":\"https:\\\/\\\/blog.ptvgroup.com\\\/de\\\/\",\"name\":\"PTV Blog\",\"description\":\"Explore with us how technology drives the future of mobility toward a cleaner, smarter, and safer world.\",\"publisher\":{\"@id\":\"https:\\\/\\\/blog.ptvgroup.com\\\/de\\\/#organization\"},\"potentialAction\":[{\"@type\":\"SearchAction\",\"target\":{\"@type\":\"EntryPoint\",\"urlTemplate\":\"https:\\\/\\\/blog.ptvgroup.com\\\/de\\\/?s={search_term_string}\"},\"query-input\":{\"@type\":\"PropertyValueSpecification\",\"valueRequired\":true,\"valueName\":\"search_term_string\"}}],\"inLanguage\":\"de\"},{\"@type\":\"Organization\",\"@id\":\"https:\\\/\\\/blog.ptvgroup.com\\\/de\\\/#organization\",\"name\":\"PTV Group\",\"url\":\"https:\\\/\\\/blog.ptvgroup.com\\\/de\\\/\",\"logo\":{\"@type\":\"ImageObject\",\"inLanguage\":\"de\",\"@id\":\"https:\\\/\\\/blog.ptvgroup.com\\\/de\\\/#\\\/schema\\\/logo\\\/image\\\/\",\"url\":\"https:\\\/\\\/blog.ptvgroup.com\\\/wp-content\\\/uploads\\\/2021\\\/11\\\/PTV_Group_Logo_black.jpg\",\"contentUrl\":\"https:\\\/\\\/blog.ptvgroup.com\\\/wp-content\\\/uploads\\\/2021\\\/11\\\/PTV_Group_Logo_black.jpg\",\"width\":1598,\"height\":362,\"caption\":\"PTV Group\"},\"image\":{\"@id\":\"https:\\\/\\\/blog.ptvgroup.com\\\/de\\\/#\\\/schema\\\/logo\\\/image\\\/\"},\"sameAs\":[\"https:\\\/\\\/www.facebook.com\\\/PTVGroupGlobal\\\/\",\"https:\\\/\\\/www.instagram.com\\\/ptv_group\\\/\",\"https:\\\/\\\/www.linkedin.com\\\/company\\\/ptv\\\/\",\"https:\\\/\\\/www.youtube.com\\\/user\\\/ThePTVGroup\",\"https:\\\/\\\/www.tiktok.com\\\/@ptv_group\\\/\"],\"description\":\"Our goal is to drive the future of mobility toward a cleaner, smarter, and safer world. With a legacy spanning over 40 years as a leading global software company for traffic planning, simulation, and real-time management, we have garnered extensive experience in the field of mobility.\",\"email\":\"info@ptvgroup.com\",\"telephone\":\"+49 721 9651-0\",\"legalName\":\"PTV Planung Transport Verkehr GmbH\",\"foundingDate\":\"1979-01-01\",\"vatID\":\"Umsatzsteuer-Identifikationsnummer gem\u00e4\u00df \u00a7 27a Umsatzsteuergesetz (UStG): DE 812 666 053\",\"numberOfEmployees\":{\"@type\":\"QuantitativeValue\",\"minValue\":\"201\",\"maxValue\":\"500\"}}]}<\/script>\n<!-- \/ Yoast SEO Premium plugin. -->","yoast_head_json":{"title":"Blog-Abonnement | Willkommen | PTV Blog","robots":{"index":"index","follow":"follow","max-snippet":"max-snippet:-1","max-image-preview":"max-image-preview:large","max-video-preview":"max-video-preview:-1"},"canonical":"https:\/\/blog.ptvgroup.com\/de\/blog-abonnement-willkommen\/","og_locale":"de_DE","og_type":"article","og_title":"Blog-Abonnement | Willkommen","og_description":"Willkommen beim PTV Blog-Abonnement! Ab sofort erhalten Sie regelm\u00e4\u00dfig spannende Einblicke, Trends und Neuigkeiten aus der Welt der Mobilit\u00e4t direkt in Ihr Postfach. Wir freuen uns, Sie auf dem Weg zu intelligenter Verkehrsplanung und zukunftsf\u00e4higer Mobilit\u00e4t zu begleiten. Jetzt zum Blog&nbsp;\u2013 Entdecken Sie aktuelle Beitr\u00e4ge, Interviews und Insights. M\u00f6chten Sie Ihre Themenauswahl anpassen oder sich [...]Weiterlesen","og_url":"https:\/\/blog.ptvgroup.com\/de\/blog-abonnement-willkommen\/","og_site_name":"PTV Blog","article_publisher":"https:\/\/www.facebook.com\/PTVGroupGlobal\/","article_modified_time":"2026-01-15T07:53:12+00:00","twitter_card":"summary_large_image","twitter_misc":{"Gesch\u00e4tzte Lesezeit":"1\u00a0Minute"},"schema":{"@context":"https:\/\/schema.org","@graph":[{"@type":"WebPage","@id":"https:\/\/blog.ptvgroup.com\/de\/blog-abonnement-willkommen\/","url":"https:\/\/blog.ptvgroup.com\/de\/blog-abonnement-willkommen\/","name":"Blog-Abonnement | Willkommen | PTV Blog","isPartOf":{"@id":"https:\/\/blog.ptvgroup.com\/de\/#website"},"datePublished":"2025-05-22T07:17:40+00:00","dateModified":"2026-01-15T07:53:12+00:00","breadcrumb":{"@id":"https:\/\/blog.ptvgroup.com\/de\/blog-abonnement-willkommen\/#breadcrumb"},"inLanguage":"de","potentialAction":[{"@type":"ReadAction","target":["https:\/\/blog.ptvgroup.com\/de\/blog-abonnement-willkommen\/"]}]},{"@type":"BreadcrumbList","@id":"https:\/\/blog.ptvgroup.com\/de\/blog-abonnement-willkommen\/#breadcrumb","itemListElement":[{"@type":"ListItem","position":1,"name":"Startseite","item":"https:\/\/blog.ptvgroup.com\/de\/"},{"@type":"ListItem","position":2,"name":"Blog-Abonnement | Willkommen"}]},{"@type":"WebSite","@id":"https:\/\/blog.ptvgroup.com\/de\/#website","url":"https:\/\/blog.ptvgroup.com\/de\/","name":"PTV Blog","description":"Explore with us how technology drives the future of mobility toward a cleaner, smarter, and safer world.","publisher":{"@id":"https:\/\/blog.ptvgroup.com\/de\/#organization"},"potentialAction":[{"@type":"SearchAction","target":{"@type":"EntryPoint","urlTemplate":"https:\/\/blog.ptvgroup.com\/de\/?s={search_term_string}"},"query-input":{"@type":"PropertyValueSpecification","valueRequired":true,"valueName":"search_term_string"}}],"inLanguage":"de"},{"@type":"Organization","@id":"https:\/\/blog.ptvgroup.com\/de\/#organization","name":"PTV Group","url":"https:\/\/blog.ptvgroup.com\/de\/","logo":{"@type":"ImageObject","inLanguage":"de","@id":"https:\/\/blog.ptvgroup.com\/de\/#\/schema\/logo\/image\/","url":"https:\/\/blog.ptvgroup.com\/wp-content\/uploads\/2021\/11\/PTV_Group_Logo_black.jpg","contentUrl":"https:\/\/blog.ptvgroup.com\/wp-content\/uploads\/2021\/11\/PTV_Group_Logo_black.jpg","width":1598,"height":362,"caption":"PTV Group"},"image":{"@id":"https:\/\/blog.ptvgroup.com\/de\/#\/schema\/logo\/image\/"},"sameAs":["https:\/\/www.facebook.com\/PTVGroupGlobal\/","https:\/\/www.instagram.com\/ptv_group\/","https:\/\/www.linkedin.com\/company\/ptv\/","https:\/\/www.youtube.com\/user\/ThePTVGroup","https:\/\/www.tiktok.com\/@ptv_group\/"],"description":"Our goal is to drive the future of mobility toward a cleaner, smarter, and safer world. With a legacy spanning over 40 years as a leading global software company for traffic planning, simulation, and real-time management, we have garnered extensive experience in the field of mobility.","email":"info@ptvgroup.com","telephone":"+49 721 9651-0","legalName":"PTV Planung Transport Verkehr GmbH","foundingDate":"1979-01-01","vatID":"Umsatzsteuer-Identifikationsnummer gem\u00e4\u00df \u00a7 27a Umsatzsteuergesetz (UStG): DE 812 666 053","numberOfEmployees":{"@type":"QuantitativeValue","minValue":"201","maxValue":"500"}}]}},"_links":{"self":[{"href":"https:\/\/blog.ptvgroup.com\/de\/wp-json\/wp\/v2\/pages\/27781","targetHints":{"allow":["GET"]}}],"collection":[{"href":"https:\/\/blog.ptvgroup.com\/de\/wp-json\/wp\/v2\/pages"}],"about":[{"href":"https:\/\/blog.ptvgroup.com\/de\/wp-json\/wp\/v2\/types\/page"}],"author":[{"embeddable":true,"href":"https:\/\/blog.ptvgroup.com\/de\/wp-json\/wp\/v2\/users\/128"}],"replies":[{"embeddable":true,"href":"https:\/\/blog.ptvgroup.com\/de\/wp-json\/wp\/v2\/comments?post=27781"}],"version-history":[{"count":8,"href":"https:\/\/blog.ptvgroup.com\/de\/wp-json\/wp\/v2\/pages\/27781\/revisions"}],"predecessor-version":[{"id":29402,"href":"https:\/\/blog.ptvgroup.com\/de\/wp-json\/wp\/v2\/pages\/27781\/revisions\/29402"}],"wp:attachment":[{"href":"https:\/\/blog.ptvgroup.com\/de\/wp-json\/wp\/v2\/media?parent=27781"}],"curies":[{"name":"wp","href":"https:\/\/api.w.org\/{rel}","templated":true}]}}