{"id":27331,"date":"2025-04-28T14:28:27","date_gmt":"2025-04-28T12:28:27","guid":{"rendered":"https:\/\/blog.ptvgroup.com\/newsletter\/"},"modified":"2026-01-12T13:09:18","modified_gmt":"2026-01-12T12:09:18","slug":"blog-abonnement","status":"publish","type":"page","link":"https:\/\/blog.ptvgroup.com\/de\/blog-abonnement\/","title":{"rendered":"Newsletter | Anmeldung"},"content":{"rendered":"<p><!-- wp:heading --><\/p>\r\n<h2 id=\"h-newsletter\" class=\"wp-block-heading\"><strong>Blog-Abonnement<\/strong><\/h2>\r\n<p><!-- \/wp:heading -->\r\n\r\n<!-- wp:paragraph --><\/p>\r\n<p><strong>Verpassen Sie keine wichtigen Neuigkeiten aus der Welt der Mobilit\u00e4t!<\/strong><br \/>Abonnieren Sie unseren Blog und erhalten Sie eine kurze Benachrichtigung, sobald wir neue Erkenntnisse zu Verkehrsplanung, -modellierung oder smarten Vorhersagemodellen ver\u00f6ffentlichen.<br data-start=\"315\" data-end=\"318\" \/>W\u00e4hlen Sie Ihre bevorzugten Themen aus und erhalten Sie spannende Einblicke, die Ihnen helfen, Ihre Arbeit noch effektiver und innovativer zu gestalten.<br \/><br \/><strong>Jetzt anmelden und Mobilit\u00e4t mitgestalten:<br \/><\/strong><!-- \/wp:paragraph --><div class=\"tnp tnp-subscription \">\n<form method=\"post\" action=\"https:\/\/blog.ptvgroup.com\/wp-admin\/admin-ajax.php?action=tnp&amp;na=s\">\n<input type=\"hidden\" name=\"nlang\" value=\"de\">\n<div class=\"tnp-field tnp-field-firstname\"><label for=\"tnp-1\">Vorname<\/label>\n<input class=\"tnp-name\" type=\"text\" name=\"nn\" id=\"tnp-1\" value=\"\" placeholder=\"\"><\/div>\n<div class=\"tnp-field tnp-field-email\"><label for=\"tnp-2\">E-Mail-Adresse<\/label>\n<input class=\"tnp-email\" type=\"email\" name=\"ne\" id=\"tnp-2\" value=\"\" placeholder=\"\" required><\/div>\n<div class=\"tnp-field tnp-lists\"><div class=\"tnp-field tnp-field-checkbox tnp-field-list\"><label for=\"nl4\"><input type=\"checkbox\" id=\"nl4\" name=\"nl[]\" value=\"1\"> Verkehrsmodellierung &amp; -Planung<\/label><\/div>\n<div class=\"tnp-field tnp-field-checkbox tnp-field-list\"><label for=\"nl5\"><input type=\"checkbox\" id=\"nl5\" name=\"nl[]\" value=\"2\"> Verkehrsmanagement &amp; -Vorhersage<\/label><\/div>\n<div class=\"tnp-field tnp-field-checkbox tnp-field-list\"><label for=\"nl6\"><input type=\"checkbox\" id=\"nl6\" name=\"nl[]\" value=\"3\"> Trendthemen<\/label><\/div>\n<div class=\"tnp-field tnp-field-checkbox tnp-field-list\"><label for=\"nl7\"><input type=\"checkbox\" id=\"nl7\" name=\"nl[]\" value=\"4\"> User Insights<\/label><\/div>\n<div class=\"tnp-field tnp-field-checkbox tnp-field-list\"><label for=\"nl8\"><input type=\"checkbox\" id=\"nl8\" name=\"nl[]\" value=\"5\"> Technology+<\/label><\/div>\n<\/div><div class=\"tnp-field tnp-privacy-field\"><label><input type=\"checkbox\" name=\"ny\" required class=\"tnp-privacy\"> <a target=\"_blank\" href=\"https:\/\/www.ptvgroup.com\/en\/terms-privacy\"> Hiermit akzeptiere ich die Datenschutzerkl\u00e4rung.<\/a><\/label><\/div><div class=\"tnp-field tnp-field-button\" style=\"text-align: left\"><input class=\"tnp-submit\" type=\"submit\" value=\"Abonnieren\" style=\"\">\n<\/div>\n<\/form>\n<\/div>\n<br \/><em style=\"font-size: 1rem\">*Geben Sie gerne Ihren Vornamen an, um die Kommunikation etwas pers\u00f6nlicher zu gestalten. Sie k\u00f6nnen das Feld aber auch einfach leer lassen und die Anmeldung fortsetzen.<\/em><\/p>\r\n<p><!-- \/wp:paragraph -->\r\n\r\n<!-- wp:paragraph --><\/p>\r\n<p><!-- \/wp:paragraph -->\r\n\r\n<!-- wp:paragraph --><\/p>\r\n<p><strong>Ihre Daten sind bei uns sicher.<\/strong><br \/>Ihre E-Mail-Adresse wird ausschlie\u00dflich f\u00fcr den Versand unserer Blog Updates verwendet. Sie k\u00f6nnen sich jederzeit abmelden oder Ihr Profil bearbeiten. Weitere Informationen finden Sie in unserer <a href=\"https:\/\/www.ptvgroup.com\/de\/agb-datenschutz\">Datenschutzerkl\u00e4rung<\/a>.<\/p>\r\n<!-- \/wp:paragraph -->\n\n\n\n<div style=\"height:100px\" aria-hidden=\"true\" class=\"wp-block-spacer\"><\/div>\n","protected":false},"excerpt":{"rendered":"<p class=\"card-text\"> [&#8230;]<\/p>\n<p class=\"m-0\"><a class=\"btn btn-outline-secondary btn-read-more\" href=\"https:\/\/blog.ptvgroup.com\/de\/blog-abonnement\/\">Weiterlesen<\/a><\/p>\n","protected":false},"author":128,"featured_media":0,"parent":0,"menu_order":0,"comment_status":"closed","ping_status":"closed","template":"","meta":{"footnotes":""},"class_list":["post-27331","page","type-page","status-publish","hentry"],"yoast_head":"<!-- This site is optimized with the Yoast SEO Premium plugin v27.0 (Yoast SEO v27.3) - https:\/\/yoast.com\/product\/yoast-seo-premium-wordpress\/ -->\n<title>Newsletter | Anmeldung | PTV Blog<\/title>\n<meta name=\"robots\" content=\"index, follow, max-snippet:-1, max-image-preview:large, max-video-preview:-1\" \/>\n<link rel=\"canonical\" href=\"https:\/\/blog.ptvgroup.com\/de\/blog-abonnement\/\" \/>\n<meta property=\"og:locale\" content=\"de_DE\" \/>\n<meta property=\"og:type\" content=\"article\" \/>\n<meta property=\"og:title\" content=\"Newsletter | Anmeldung\" \/>\n<meta property=\"og:description\" content=\"[...]Weiterlesen\" \/>\n<meta property=\"og:url\" content=\"https:\/\/blog.ptvgroup.com\/de\/blog-abonnement\/\" \/>\n<meta property=\"og:site_name\" content=\"PTV Blog\" \/>\n<meta property=\"article:publisher\" content=\"https:\/\/www.facebook.com\/PTVGroupGlobal\/\" \/>\n<meta property=\"article:modified_time\" content=\"2026-01-12T12:09:18+00:00\" \/>\n<meta name=\"twitter:card\" content=\"summary_large_image\" \/>\n<meta name=\"twitter:label1\" content=\"Gesch\u00e4tzte Lesezeit\" \/>\n\t<meta name=\"twitter:data1\" content=\"1\u00a0Minute\" \/>\n<script type=\"application\/ld+json\" class=\"yoast-schema-graph\">{\"@context\":\"https:\\\/\\\/schema.org\",\"@graph\":[{\"@type\":\"WebPage\",\"@id\":\"https:\\\/\\\/blog.ptvgroup.com\\\/de\\\/blog-abonnement\\\/\",\"url\":\"https:\\\/\\\/blog.ptvgroup.com\\\/de\\\/blog-abonnement\\\/\",\"name\":\"Newsletter | Anmeldung | PTV Blog\",\"isPartOf\":{\"@id\":\"https:\\\/\\\/blog.ptvgroup.com\\\/de\\\/#website\"},\"datePublished\":\"2025-04-28T12:28:27+00:00\",\"dateModified\":\"2026-01-12T12:09:18+00:00\",\"breadcrumb\":{\"@id\":\"https:\\\/\\\/blog.ptvgroup.com\\\/de\\\/blog-abonnement\\\/#breadcrumb\"},\"inLanguage\":\"de\",\"potentialAction\":[{\"@type\":\"ReadAction\",\"target\":[\"https:\\\/\\\/blog.ptvgroup.com\\\/de\\\/blog-abonnement\\\/\"]}]},{\"@type\":\"BreadcrumbList\",\"@id\":\"https:\\\/\\\/blog.ptvgroup.com\\\/de\\\/blog-abonnement\\\/#breadcrumb\",\"itemListElement\":[{\"@type\":\"ListItem\",\"position\":1,\"name\":\"Startseite\",\"item\":\"https:\\\/\\\/blog.ptvgroup.com\\\/de\\\/\"},{\"@type\":\"ListItem\",\"position\":2,\"name\":\"Newsletter | Anmeldung\"}]},{\"@type\":\"WebSite\",\"@id\":\"https:\\\/\\\/blog.ptvgroup.com\\\/de\\\/#website\",\"url\":\"https:\\\/\\\/blog.ptvgroup.com\\\/de\\\/\",\"name\":\"PTV Blog\",\"description\":\"Explore with us how technology drives the future of mobility toward a cleaner, smarter, and safer world.\",\"publisher\":{\"@id\":\"https:\\\/\\\/blog.ptvgroup.com\\\/de\\\/#organization\"},\"potentialAction\":[{\"@type\":\"SearchAction\",\"target\":{\"@type\":\"EntryPoint\",\"urlTemplate\":\"https:\\\/\\\/blog.ptvgroup.com\\\/de\\\/?s={search_term_string}\"},\"query-input\":{\"@type\":\"PropertyValueSpecification\",\"valueRequired\":true,\"valueName\":\"search_term_string\"}}],\"inLanguage\":\"de\"},{\"@type\":\"Organization\",\"@id\":\"https:\\\/\\\/blog.ptvgroup.com\\\/de\\\/#organization\",\"name\":\"PTV Group\",\"url\":\"https:\\\/\\\/blog.ptvgroup.com\\\/de\\\/\",\"logo\":{\"@type\":\"ImageObject\",\"inLanguage\":\"de\",\"@id\":\"https:\\\/\\\/blog.ptvgroup.com\\\/de\\\/#\\\/schema\\\/logo\\\/image\\\/\",\"url\":\"https:\\\/\\\/blog.ptvgroup.com\\\/wp-content\\\/uploads\\\/2021\\\/11\\\/PTV_Group_Logo_black.jpg\",\"contentUrl\":\"https:\\\/\\\/blog.ptvgroup.com\\\/wp-content\\\/uploads\\\/2021\\\/11\\\/PTV_Group_Logo_black.jpg\",\"width\":1598,\"height\":362,\"caption\":\"PTV Group\"},\"image\":{\"@id\":\"https:\\\/\\\/blog.ptvgroup.com\\\/de\\\/#\\\/schema\\\/logo\\\/image\\\/\"},\"sameAs\":[\"https:\\\/\\\/www.facebook.com\\\/PTVGroupGlobal\\\/\",\"https:\\\/\\\/www.instagram.com\\\/ptv_group\\\/\",\"https:\\\/\\\/www.linkedin.com\\\/company\\\/ptv\\\/\",\"https:\\\/\\\/www.youtube.com\\\/user\\\/ThePTVGroup\",\"https:\\\/\\\/www.tiktok.com\\\/@ptv_group\\\/\"],\"description\":\"Our goal is to drive the future of mobility toward a cleaner, smarter, and safer world. With a legacy spanning over 40 years as a leading global software company for traffic planning, simulation, and real-time management, we have garnered extensive experience in the field of mobility.\",\"email\":\"info@ptvgroup.com\",\"telephone\":\"+49 721 9651-0\",\"legalName\":\"PTV Planung Transport Verkehr GmbH\",\"foundingDate\":\"1979-01-01\",\"vatID\":\"Umsatzsteuer-Identifikationsnummer gem\u00e4\u00df \u00a7 27a Umsatzsteuergesetz (UStG): DE 812 666 053\",\"numberOfEmployees\":{\"@type\":\"QuantitativeValue\",\"minValue\":\"201\",\"maxValue\":\"500\"}}]}<\/script>\n<!-- \/ Yoast SEO Premium plugin. -->","yoast_head_json":{"title":"Newsletter | Anmeldung | PTV Blog","robots":{"index":"index","follow":"follow","max-snippet":"max-snippet:-1","max-image-preview":"max-image-preview:large","max-video-preview":"max-video-preview:-1"},"canonical":"https:\/\/blog.ptvgroup.com\/de\/blog-abonnement\/","og_locale":"de_DE","og_type":"article","og_title":"Newsletter | Anmeldung","og_description":"[...]Weiterlesen","og_url":"https:\/\/blog.ptvgroup.com\/de\/blog-abonnement\/","og_site_name":"PTV Blog","article_publisher":"https:\/\/www.facebook.com\/PTVGroupGlobal\/","article_modified_time":"2026-01-12T12:09:18+00:00","twitter_card":"summary_large_image","twitter_misc":{"Gesch\u00e4tzte Lesezeit":"1\u00a0Minute"},"schema":{"@context":"https:\/\/schema.org","@graph":[{"@type":"WebPage","@id":"https:\/\/blog.ptvgroup.com\/de\/blog-abonnement\/","url":"https:\/\/blog.ptvgroup.com\/de\/blog-abonnement\/","name":"Newsletter | Anmeldung | PTV Blog","isPartOf":{"@id":"https:\/\/blog.ptvgroup.com\/de\/#website"},"datePublished":"2025-04-28T12:28:27+00:00","dateModified":"2026-01-12T12:09:18+00:00","breadcrumb":{"@id":"https:\/\/blog.ptvgroup.com\/de\/blog-abonnement\/#breadcrumb"},"inLanguage":"de","potentialAction":[{"@type":"ReadAction","target":["https:\/\/blog.ptvgroup.com\/de\/blog-abonnement\/"]}]},{"@type":"BreadcrumbList","@id":"https:\/\/blog.ptvgroup.com\/de\/blog-abonnement\/#breadcrumb","itemListElement":[{"@type":"ListItem","position":1,"name":"Startseite","item":"https:\/\/blog.ptvgroup.com\/de\/"},{"@type":"ListItem","position":2,"name":"Newsletter | Anmeldung"}]},{"@type":"WebSite","@id":"https:\/\/blog.ptvgroup.com\/de\/#website","url":"https:\/\/blog.ptvgroup.com\/de\/","name":"PTV Blog","description":"Explore with us how technology drives the future of mobility toward a cleaner, smarter, and safer world.","publisher":{"@id":"https:\/\/blog.ptvgroup.com\/de\/#organization"},"potentialAction":[{"@type":"SearchAction","target":{"@type":"EntryPoint","urlTemplate":"https:\/\/blog.ptvgroup.com\/de\/?s={search_term_string}"},"query-input":{"@type":"PropertyValueSpecification","valueRequired":true,"valueName":"search_term_string"}}],"inLanguage":"de"},{"@type":"Organization","@id":"https:\/\/blog.ptvgroup.com\/de\/#organization","name":"PTV Group","url":"https:\/\/blog.ptvgroup.com\/de\/","logo":{"@type":"ImageObject","inLanguage":"de","@id":"https:\/\/blog.ptvgroup.com\/de\/#\/schema\/logo\/image\/","url":"https:\/\/blog.ptvgroup.com\/wp-content\/uploads\/2021\/11\/PTV_Group_Logo_black.jpg","contentUrl":"https:\/\/blog.ptvgroup.com\/wp-content\/uploads\/2021\/11\/PTV_Group_Logo_black.jpg","width":1598,"height":362,"caption":"PTV Group"},"image":{"@id":"https:\/\/blog.ptvgroup.com\/de\/#\/schema\/logo\/image\/"},"sameAs":["https:\/\/www.facebook.com\/PTVGroupGlobal\/","https:\/\/www.instagram.com\/ptv_group\/","https:\/\/www.linkedin.com\/company\/ptv\/","https:\/\/www.youtube.com\/user\/ThePTVGroup","https:\/\/www.tiktok.com\/@ptv_group\/"],"description":"Our goal is to drive the future of mobility toward a cleaner, smarter, and safer world. With a legacy spanning over 40 years as a leading global software company for traffic planning, simulation, and real-time management, we have garnered extensive experience in the field of mobility.","email":"info@ptvgroup.com","telephone":"+49 721 9651-0","legalName":"PTV Planung Transport Verkehr GmbH","foundingDate":"1979-01-01","vatID":"Umsatzsteuer-Identifikationsnummer gem\u00e4\u00df \u00a7 27a Umsatzsteuergesetz (UStG): DE 812 666 053","numberOfEmployees":{"@type":"QuantitativeValue","minValue":"201","maxValue":"500"}}]}},"_links":{"self":[{"href":"https:\/\/blog.ptvgroup.com\/de\/wp-json\/wp\/v2\/pages\/27331","targetHints":{"allow":["GET"]}}],"collection":[{"href":"https:\/\/blog.ptvgroup.com\/de\/wp-json\/wp\/v2\/pages"}],"about":[{"href":"https:\/\/blog.ptvgroup.com\/de\/wp-json\/wp\/v2\/types\/page"}],"author":[{"embeddable":true,"href":"https:\/\/blog.ptvgroup.com\/de\/wp-json\/wp\/v2\/users\/128"}],"replies":[{"embeddable":true,"href":"https:\/\/blog.ptvgroup.com\/de\/wp-json\/wp\/v2\/comments?post=27331"}],"version-history":[{"count":31,"href":"https:\/\/blog.ptvgroup.com\/de\/wp-json\/wp\/v2\/pages\/27331\/revisions"}],"predecessor-version":[{"id":27941,"href":"https:\/\/blog.ptvgroup.com\/de\/wp-json\/wp\/v2\/pages\/27331\/revisions\/27941"}],"wp:attachment":[{"href":"https:\/\/blog.ptvgroup.com\/de\/wp-json\/wp\/v2\/media?parent=27331"}],"curies":[{"name":"wp","href":"https:\/\/api.w.org\/{rel}","templated":true}]}}